{"id":58,"date":"2022-09-27T16:51:29","date_gmt":"2022-09-27T16:51:29","guid":{"rendered":"https:\/\/kelmiskiams.lt\/?page_id=58"},"modified":"2022-10-26T06:24:44","modified_gmt":"2022-10-26T06:24:44","slug":"kontaktai","status":"publish","type":"page","link":"https:\/\/kelmiskiams.lt\/?page_id=58","title":{"rendered":"Kontaktai"},"content":{"rendered":"\n<p>Jeigu turite mums klausim\u0173, pasteb\u0117jim\u0173, pasi\u016blym\u0173 \u2013 ra\u0161ykite!<\/p>\n\n\n\n<div class=\"wpforms-container wpforms-container-full\" id=\"wpforms-277\"><form id=\"wpforms-form-277\" class=\"wpforms-validate wpforms-form wpforms-ajax-form\" data-formid=\"277\" method=\"post\" enctype=\"multipart\/form-data\" action=\"\/index.php?rest_route=%2Fwp%2Fv2%2Fpages%2F58\" data-token=\"757f0b4a4efe3765b8ceadc72d3c5801\"><noscript class=\"wpforms-error-noscript\">Please enable JavaScript in your browser to complete this form.<\/noscript><div class=\"wpforms-field-container\"><div id=\"wpforms-277-field_0-container\" class=\"wpforms-field wpforms-field-name\" data-field-id=\"0\"><label class=\"wpforms-field-label\" for=\"wpforms-277-field_0\">J\u016bs\u0173 vardas (ir\/arba) pavard\u0117 <span class=\"wpforms-required-label\">*<\/span><\/label><input type=\"text\" id=\"wpforms-277-field_0\" class=\"wpforms-field-medium wpforms-field-required\" name=\"wpforms[fields][0]\" required><\/div><div id=\"wpforms-277-field_1-container\" class=\"wpforms-field wpforms-field-email\" data-field-id=\"1\"><label class=\"wpforms-field-label\" for=\"wpforms-277-field_1\">El. pa\u0161tas <span class=\"wpforms-required-label\">*<\/span><\/label><input type=\"email\" id=\"wpforms-277-field_1\" class=\"wpforms-field-medium wpforms-field-required\" name=\"wpforms[fields][1]\" required><\/div><div id=\"wpforms-277-field_2-container\" class=\"wpforms-field wpforms-field-textarea\" data-field-id=\"2\"><label class=\"wpforms-field-label\" for=\"wpforms-277-field_2\">J\u016bs\u0173 \u017einut\u0117 <span class=\"wpforms-required-label\">*<\/span><\/label><textarea id=\"wpforms-277-field_2\" class=\"wpforms-field-medium wpforms-field-required\" name=\"wpforms[fields][2]\" required><\/textarea><\/div><\/div><div class=\"wpforms-recaptcha-container wpforms-is-hcaptcha\"><div class=\"g-recaptcha\" data-sitekey=\"ea401f21-dd94-4b4a-8203-ec384c4a1108\"><\/div><input type=\"text\" name=\"g-recaptcha-hidden\" class=\"wpforms-recaptcha-hidden\" style=\"position:absolute!important;clip:rect(0,0,0,0)!important;height:1px!important;width:1px!important;border:0!important;overflow:hidden!important;padding:0!important;margin:0!important;\" required><\/div><div class=\"wpforms-submit-container\"><input type=\"hidden\" name=\"wpforms[id]\" value=\"277\"><input type=\"hidden\" name=\"wpforms[author]\" value=\"1\"><button type=\"submit\" name=\"wpforms[submit]\" id=\"wpforms-submit-277\" class=\"wpforms-submit\" data-alt-text=\"Siun\u010diama...\" data-submit-text=\"Pateikti\" aria-live=\"assertive\" value=\"wpforms-submit\">Pateikti<\/button><img src=\"https:\/\/kelmiskiams.lt\/wp-content\/plugins\/wpforms-lite\/assets\/images\/submit-spin.svg\" class=\"wpforms-submit-spinner\" style=\"display: none;\" width=\"26\" height=\"26\" alt=\"Loading\"><\/div><\/form><\/div>  <!-- .wpforms-container -->\n","protected":false},"excerpt":{"rendered":"<p>Jeigu turite mums klausim\u0173, pasteb\u0117jim\u0173, pasi\u016blym\u0173 \u2013 ra\u0161ykite!<\/p>\n","protected":false},"author":1,"featured_media":0,"parent":0,"menu_order":0,"comment_status":"closed","ping_status":"closed","template":"","meta":{"om_disable_all_campaigns":false,"_mi_skip_tracking":false},"aioseo_notices":[],"_links":{"self":[{"href":"https:\/\/kelmiskiams.lt\/index.php?rest_route=\/wp\/v2\/pages\/58"}],"collection":[{"href":"https:\/\/kelmiskiams.lt\/index.php?rest_route=\/wp\/v2\/pages"}],"about":[{"href":"https:\/\/kelmiskiams.lt\/index.php?rest_route=\/wp\/v2\/types\/page"}],"author":[{"embeddable":true,"href":"https:\/\/kelmiskiams.lt\/index.php?rest_route=\/wp\/v2\/users\/1"}],"replies":[{"embeddable":true,"href":"https:\/\/kelmiskiams.lt\/index.php?rest_route=%2Fwp%2Fv2%2Fcomments&post=58"}],"version-history":[{"count":4,"href":"https:\/\/kelmiskiams.lt\/index.php?rest_route=\/wp\/v2\/pages\/58\/revisions"}],"predecessor-version":[{"id":286,"href":"https:\/\/kelmiskiams.lt\/index.php?rest_route=\/wp\/v2\/pages\/58\/revisions\/286"}],"wp:attachment":[{"href":"https:\/\/kelmiskiams.lt\/index.php?rest_route=%2Fwp%2Fv2%2Fmedia&parent=58"}],"curies":[{"name":"wp","href":"https:\/\/api.w.org\/{rel}","templated":true}]}}